{"id":2152,"date":"2025-06-19T13:17:23","date_gmt":"2025-06-19T13:17:23","guid":{"rendered":"https:\/\/binaryelitepro.com\/?page_id=2152"},"modified":"2026-02-10T00:06:40","modified_gmt":"2026-02-10T00:06:40","slug":"ia-elite-deriv","status":"publish","type":"page","link":"https:\/\/binaryelitepro.com\/index.php\/ia-elite-deriv\/","title":{"rendered":"Ia Elite Deriv"},"content":{"rendered":"<style>.elementor-2152 .elementor-element.elementor-element-8eb646d:not(.elementor-motion-effects-element-type-background), .elementor-2152 .elementor-element.elementor-element-8eb646d > .elementor-motion-effects-container > .elementor-motion-effects-layer{background-color:#020201;}.elementor-2152 .elementor-element.elementor-element-8eb646d{transition:background 0.3s, border 0.3s, border-radius 0.3s, box-shadow 0.3s;}.elementor-2152 .elementor-element.elementor-element-8eb646d > .elementor-background-overlay{transition:background 0.3s, border-radius 0.3s, opacity 0.3s;}.elementor-2152 .elementor-element.elementor-element-afb0ed7{color:#FF0000;}.elementor-2152 .elementor-element.elementor-element-e9dee42:not(.elementor-motion-effects-element-type-background), .elementor-2152 .elementor-element.elementor-element-e9dee42 > .elementor-motion-effects-container > .elementor-motion-effects-layer{background-color:#000000;}.elementor-2152 .elementor-element.elementor-element-e9dee42{transition:background 0.3s, border 0.3s, border-radius 0.3s, box-shadow 0.3s;}.elementor-2152 .elementor-element.elementor-element-e9dee42 > .elementor-background-overlay{transition:background 0.3s, border-radius 0.3s, opacity 0.3s;}.elementor-2152 .elementor-element.elementor-element-740ef8b:not(.elementor-motion-effects-element-type-background), .elementor-2152 .elementor-element.elementor-element-740ef8b > .elementor-motion-effects-container > .elementor-motion-effects-layer{background-color:#010102;}.elementor-2152 .elementor-element.elementor-element-740ef8b{transition:background 0.3s, border 0.3s, border-radius 0.3s, box-shadow 0.3s;}.elementor-2152 .elementor-element.elementor-element-740ef8b > .elementor-background-overlay{transition:background 0.3s, border-radius 0.3s, opacity 0.3s;}.elementor-2152 .elementor-element.elementor-element-ad9f5d7 .elementor-button{font-size:49px;font-weight:700;text-transform:uppercase;fill:#000000;color:#000000;background-color:#FF0300;}.elementor-2152 .elementor-element.elementor-element-ad9f5d7 > .elementor-widget-container{border-style:solid;}.elementor-2152 .elementor-element.elementor-element-0d0d110 .elementor-button{font-size:29px;text-transform:uppercase;}.elementor-2152 .elementor-element.elementor-element-0d0d110 > .elementor-widget-container{border-style:solid;}.elementor-2152 .elementor-element.elementor-element-167f075:not(.elementor-motion-effects-element-type-background), .elementor-2152 .elementor-element.elementor-element-167f075 > .elementor-motion-effects-container > .elementor-motion-effects-layer{background-color:#000000;}.elementor-2152 .elementor-element.elementor-element-167f075{transition:background 0.3s, border 0.3s, border-radius 0.3s, box-shadow 0.3s;}.elementor-2152 .elementor-element.elementor-element-167f075 > .elementor-background-overlay{transition:background 0.3s, border-radius 0.3s, opacity 0.3s;}.elementor-2152 .elementor-element.elementor-element-dbd18a5:not(.elementor-motion-effects-element-type-background), .elementor-2152 .elementor-element.elementor-element-dbd18a5 > .elementor-motion-effects-container > .elementor-motion-effects-layer{background-color:#000000;}.elementor-2152 .elementor-element.elementor-element-dbd18a5{transition:background 0.3s, border 0.3s, border-radius 0.3s, box-shadow 0.3s;}.elementor-2152 .elementor-element.elementor-element-dbd18a5 > .elementor-background-overlay{transition:background 0.3s, border-radius 0.3s, opacity 0.3s;}<\/style>\t\t<div data-elementor-type=\"wp-page\" data-elementor-id=\"2152\" class=\"elementor elementor-2152\" data-elementor-post-type=\"page\">\n\t\t\t\t\t\t<section class=\"elementor-section elementor-top-section elementor-element elementor-element-8eb646d elementor-section-boxed elementor-section-height-default elementor-section-height-default\" data-id=\"8eb646d\" data-element_type=\"section\" data-e-type=\"section\" data-settings=\"{&quot;background_background&quot;:&quot;classic&quot;}\">\n\t\t\t\t\t\t<div class=\"elementor-container elementor-column-gap-default\">\n\t\t\t\t\t<div class=\"elementor-column elementor-col-100 elementor-top-column elementor-element elementor-element-2e2d506\" data-id=\"2e2d506\" data-element_type=\"column\" data-e-type=\"column\">\n\t\t\t<div class=\"elementor-widget-wrap elementor-element-populated\">\n\t\t\t\t\t\t<div class=\"elementor-element elementor-element-afb0ed7 elementor-widget elementor-widget-text-editor\" data-id=\"afb0ed7\" data-element_type=\"widget\" data-e-type=\"widget\" data-widget_type=\"text-editor.default\">\n\t\t\t\t<div class=\"elementor-widget-container\">\n\t\t\t\t\t\t\t\t\t<h1 style=\"text-align: center;\"><span style=\"color: #ffcc00;\"><strong>Seja bem vindo ao bot deriv vitalicio!<\/strong><\/span><\/h1>\t\t\t\t\t\t\t\t<\/div>\n\t\t\t\t<\/div>\n\t\t\t\t\t<\/div>\n\t\t<\/div>\n\t\t\t\t\t<\/div>\n\t\t<\/section>\n\t\t\t\t<section class=\"elementor-section elementor-top-section elementor-element elementor-element-e9dee42 elementor-section-boxed elementor-section-height-default elementor-section-height-default\" data-id=\"e9dee42\" data-element_type=\"section\" data-e-type=\"section\" data-settings=\"{&quot;background_background&quot;:&quot;classic&quot;}\">\n\t\t\t\t\t\t<div class=\"elementor-container elementor-column-gap-default\">\n\t\t\t\t\t<div class=\"elementor-column elementor-col-100 elementor-top-column elementor-element elementor-element-2b00512\" data-id=\"2b00512\" data-element_type=\"column\" data-e-type=\"column\">\n\t\t\t<div class=\"elementor-widget-wrap elementor-element-populated\">\n\t\t\t\t\t\t<div class=\"elementor-element elementor-element-dec1368 elementor-widget elementor-widget-image\" data-id=\"dec1368\" data-element_type=\"widget\" data-e-type=\"widget\" data-widget_type=\"image.default\">\n\t\t\t\t<div class=\"elementor-widget-container\">\n\t\t\t\t\t\t\t\t\t\t\t\t\t\t\t<img fetchpriority=\"high\" decoding=\"async\" width=\"464\" height=\"477\" src=\"https:\/\/binaryelitepro.com\/wp-content\/uploads\/2025\/06\/depo-7-1.png\" class=\"attachment-large size-large wp-image-2159\" alt=\"\" srcset=\"https:\/\/binaryelitepro.com\/wp-content\/uploads\/2025\/06\/depo-7-1.png 464w, https:\/\/binaryelitepro.com\/wp-content\/uploads\/2025\/06\/depo-7-1-292x300.png 292w\" sizes=\"(max-width: 464px) 100vw, 464px\" \/>\t\t\t\t\t\t\t\t\t\t\t\t\t\t\t<\/div>\n\t\t\t\t<\/div>\n\t\t\t\t\t<\/div>\n\t\t<\/div>\n\t\t\t\t\t<\/div>\n\t\t<\/section>\n\t\t\t\t<section class=\"elementor-section elementor-top-section elementor-element elementor-element-740ef8b elementor-section-boxed elementor-section-height-default elementor-section-height-default\" data-id=\"740ef8b\" data-element_type=\"section\" data-e-type=\"section\" data-settings=\"{&quot;background_background&quot;:&quot;classic&quot;}\">\n\t\t\t\t\t\t<div class=\"elementor-container elementor-column-gap-default\">\n\t\t\t\t\t<div class=\"elementor-column elementor-col-100 elementor-top-column elementor-element elementor-element-fa76a0c\" data-id=\"fa76a0c\" data-element_type=\"column\" data-e-type=\"column\">\n\t\t\t<div class=\"elementor-widget-wrap elementor-element-populated\">\n\t\t\t\t\t\t<div class=\"elementor-element elementor-element-83720cf elementor-widget elementor-widget-text-editor\" data-id=\"83720cf\" data-element_type=\"widget\" data-e-type=\"widget\" data-widget_type=\"text-editor.default\">\n\t\t\t\t<div class=\"elementor-widget-container\">\n\t\t\t\t\t\t\t\t\t<h2 style=\"text-align: center;\"><span style=\"color: #ffff00;\"><strong>\u00a0 Clique no bot\u00e3o abaixo para acessar Seu produto e siga os passos<\/strong><\/span><\/h2><h2 style=\"text-align: center;\"><span style=\"color: #ffffff;\"><strong><span style=\"color: #ffff00;\">P<\/span>asso 1:\u00a0 clique no bot\u00e3o em vermelho , entre no grupo do telegram e assista as aulas passo a passo para instala\u00e7\u00e3o e configura\u00e7\u00e3o do bot. <\/strong><\/span><\/h2><h2 style=\"text-align: center;\"><span style=\"color: #ffffff;\"><strong>Passo 2 : Envie seu E-mail da conta Deriv para Validar sua licen\u00e7a<\/strong><\/span><\/h2><div>\u00a0<\/div>\t\t\t\t\t\t\t\t<\/div>\n\t\t\t\t<\/div>\n\t\t\t\t<div class=\"elementor-element elementor-element-ad9f5d7 elementor-button-success elementor-align-center elementor-widget elementor-widget-button\" data-id=\"ad9f5d7\" data-element_type=\"widget\" data-e-type=\"widget\" data-widget_type=\"button.default\">\n\t\t\t\t<div class=\"elementor-widget-container\">\n\t\t\t\t\t\t\t\t\t<div class=\"elementor-button-wrapper\">\n\t\t\t\t\t<a class=\"elementor-button elementor-button-link elementor-size-sm\" href=\"https:\/\/t.me\/+1DfPSGpYWSs1OGYx\" target=\"_blank\">\n\t\t\t\t\t\t<span class=\"elementor-button-content-wrapper\">\n\t\t\t\t\t\t\t\t\t<span class=\"elementor-button-text\">CLIQUE AQUI PARA acessar seu produto<\/span>\n\t\t\t\t\t<\/span>\n\t\t\t\t\t<\/a>\n\t\t\t\t<\/div>\n\t\t\t\t\t\t\t\t<\/div>\n\t\t\t\t<\/div>\n\t\t\t\t<div class=\"elementor-element elementor-element-0d0d110 elementor-button-success elementor-align-center elementor-widget elementor-widget-button\" data-id=\"0d0d110\" data-element_type=\"widget\" data-e-type=\"widget\" data-widget_type=\"button.default\">\n\t\t\t\t<div class=\"elementor-widget-container\">\n\t\t\t\t\t\t\t\t\t<div class=\"elementor-button-wrapper\">\n\t\t\t\t\t<a class=\"elementor-button elementor-button-link elementor-size-sm\" href=\"https:\/\/t.me\/Suportebinaryelite\" target=\"_blank\">\n\t\t\t\t\t\t<span class=\"elementor-button-content-wrapper\">\n\t\t\t\t\t\t\t\t\t<span class=\"elementor-button-text\"> Duvidas? clique aqui para chamar um Atendente <\/span>\n\t\t\t\t\t<\/span>\n\t\t\t\t\t<\/a>\n\t\t\t\t<\/div>\n\t\t\t\t\t\t\t\t<\/div>\n\t\t\t\t<\/div>\n\t\t\t\t\t<\/div>\n\t\t<\/div>\n\t\t\t\t\t<\/div>\n\t\t<\/section>\n\t\t\t\t<section class=\"elementor-section elementor-top-section elementor-element elementor-element-167f075 elementor-section-boxed elementor-section-height-default elementor-section-height-default\" data-id=\"167f075\" data-element_type=\"section\" data-e-type=\"section\" data-settings=\"{&quot;background_background&quot;:&quot;classic&quot;}\">\n\t\t\t\t\t\t<div class=\"elementor-container elementor-column-gap-default\">\n\t\t\t\t\t<div class=\"elementor-column elementor-col-100 elementor-top-column elementor-element elementor-element-81d46d8\" data-id=\"81d46d8\" data-element_type=\"column\" data-e-type=\"column\">\n\t\t\t<div class=\"elementor-widget-wrap\">\n\t\t\t\t\t\t\t<\/div>\n\t\t<\/div>\n\t\t\t\t\t<\/div>\n\t\t<\/section>\n\t\t\t\t<section class=\"elementor-section elementor-top-section elementor-element elementor-element-dbd18a5 elementor-section-boxed elementor-section-height-default elementor-section-height-default\" data-id=\"dbd18a5\" data-element_type=\"section\" data-e-type=\"section\" data-settings=\"{&quot;background_background&quot;:&quot;classic&quot;}\">\n\t\t\t\t\t\t<div class=\"elementor-container elementor-column-gap-default\">\n\t\t\t\t\t<div class=\"elementor-column elementor-col-100 elementor-top-column elementor-element elementor-element-aacb050\" data-id=\"aacb050\" data-element_type=\"column\" data-e-type=\"column\">\n\t\t\t<div class=\"elementor-widget-wrap elementor-element-populated\">\n\t\t\t\t\t\t<div class=\"elementor-element elementor-element-c056361 elementor-widget elementor-widget-image\" data-id=\"c056361\" data-element_type=\"widget\" data-e-type=\"widget\" data-widget_type=\"image.default\">\n\t\t\t\t<div class=\"elementor-widget-container\">\n\t\t\t\t\t\t\t\t\t\t\t\t\t\t\t<img decoding=\"async\" width=\"545\" height=\"444\" src=\"https:\/\/binaryelitepro.com\/wp-content\/uploads\/2025\/06\/7370599b-2270-4c9a-9e0b-b76b114162ca.png\" class=\"attachment-large size-large wp-image-2160\" alt=\"\" srcset=\"https:\/\/binaryelitepro.com\/wp-content\/uploads\/2025\/06\/7370599b-2270-4c9a-9e0b-b76b114162ca.png 545w, https:\/\/binaryelitepro.com\/wp-content\/uploads\/2025\/06\/7370599b-2270-4c9a-9e0b-b76b114162ca-300x244.png 300w\" sizes=\"(max-width: 545px) 100vw, 545px\" \/>\t\t\t\t\t\t\t\t\t\t\t\t\t\t\t<\/div>\n\t\t\t\t<\/div>\n\t\t\t\t\t<\/div>\n\t\t<\/div>\n\t\t\t\t\t<\/div>\n\t\t<\/section>\n\t\t\t\t<\/div>\n\t\t","protected":false},"excerpt":{"rendered":"<p>Seja bem vindo ao bot deriv vitalicio! \u00a0 Clique no bot\u00e3o abaixo para acessar Seu produto e siga os passos Passo 1:\u00a0 clique no bot\u00e3o em vermelho , entre no grupo do telegram e assista as aulas passo a passo para instala\u00e7\u00e3o e configura\u00e7\u00e3o do bot. Passo 2 : Envie seu E-mail da conta Deriv [&hellip;]<\/p>\n","protected":false},"author":1,"featured_media":0,"parent":0,"menu_order":0,"comment_status":"closed","ping_status":"closed","template":"","meta":{"om_disable_all_campaigns":false,"_monsterinsights_skip_tracking":false,"_monsterinsights_sitenote_active":false,"_monsterinsights_sitenote_note":"","_monsterinsights_sitenote_category":0,"footnotes":""},"class_list":["post-2152","page","type-page","status-publish","hentry"],"yoast_head":"<!-- This site is optimized with the Yoast SEO Premium plugin v20.13 (Yoast SEO v20.13) - https:\/\/yoast.com\/wordpress\/plugins\/seo\/ -->\n<title>Ia Elite Deriv - binaryelitepro.com<\/title>\n<meta name=\"robots\" content=\"index, follow, max-snippet:-1, max-image-preview:large, max-video-preview:-1\" \/>\n<link rel=\"canonical\" href=\"https:\/\/binaryelitepro.com\/index.php\/ia-elite-deriv\/\" \/>\n<meta property=\"og:locale\" content=\"pt_BR\" \/>\n<meta property=\"og:type\" content=\"article\" \/>\n<meta property=\"og:title\" content=\"Ia Elite Deriv\" \/>\n<meta property=\"og:description\" content=\"Seja bem vindo ao bot deriv vitalicio! \u00a0 Clique no bot\u00e3o abaixo para acessar Seu produto e siga os passos Passo 1:\u00a0 clique no bot\u00e3o em vermelho , entre no grupo do telegram e assista as aulas passo a passo para instala\u00e7\u00e3o e configura\u00e7\u00e3o do bot. Passo 2 : Envie seu E-mail da conta Deriv [&hellip;]\" \/>\n<meta property=\"og:url\" content=\"https:\/\/binaryelitepro.com\/index.php\/ia-elite-deriv\/\" \/>\n<meta property=\"og:site_name\" content=\"binaryelitepro.com\" \/>\n<meta property=\"article:modified_time\" content=\"2026-02-10T00:06:40+00:00\" \/>\n<meta property=\"og:image\" content=\"https:\/\/binaryelitepro.com\/wp-content\/uploads\/2025\/06\/depo-7-1.png\" \/>\n<meta name=\"twitter:card\" content=\"summary_large_image\" \/>\n<meta name=\"twitter:label1\" content=\"Est. tempo de leitura\" \/>\n\t<meta name=\"twitter:data1\" content=\"1 minuto\" \/>\n<script type=\"application\/ld+json\" class=\"yoast-schema-graph\">{\"@context\":\"https:\/\/schema.org\",\"@graph\":[{\"@type\":\"WebPage\",\"@id\":\"https:\/\/binaryelitepro.com\/index.php\/ia-elite-deriv\/\",\"url\":\"https:\/\/binaryelitepro.com\/index.php\/ia-elite-deriv\/\",\"name\":\"Ia Elite Deriv - binaryelitepro.com\",\"isPartOf\":{\"@id\":\"https:\/\/binaryelitepro.com\/#website\"},\"datePublished\":\"2025-06-19T13:17:23+00:00\",\"dateModified\":\"2026-02-10T00:06:40+00:00\",\"breadcrumb\":{\"@id\":\"https:\/\/binaryelitepro.com\/index.php\/ia-elite-deriv\/#breadcrumb\"},\"inLanguage\":\"pt-BR\",\"potentialAction\":[{\"@type\":\"ReadAction\",\"target\":[\"https:\/\/binaryelitepro.com\/index.php\/ia-elite-deriv\/\"]}]},{\"@type\":\"BreadcrumbList\",\"@id\":\"https:\/\/binaryelitepro.com\/index.php\/ia-elite-deriv\/#breadcrumb\",\"itemListElement\":[{\"@type\":\"ListItem\",\"position\":1,\"name\":\"In\u00edcio\",\"item\":\"https:\/\/binaryelitepro.com\/\"},{\"@type\":\"ListItem\",\"position\":2,\"name\":\"Ia Elite Deriv\"}]},{\"@type\":\"WebSite\",\"@id\":\"https:\/\/binaryelitepro.com\/#website\",\"url\":\"https:\/\/binaryelitepro.com\/\",\"name\":\"binaryelitepro.com\",\"description\":\"\",\"publisher\":{\"@id\":\"https:\/\/binaryelitepro.com\/#organization\"},\"potentialAction\":[{\"@type\":\"SearchAction\",\"target\":{\"@type\":\"EntryPoint\",\"urlTemplate\":\"https:\/\/binaryelitepro.com\/?s={search_term_string}\"},\"query-input\":\"required name=search_term_string\"}],\"inLanguage\":\"pt-BR\"},{\"@type\":\"Organization\",\"@id\":\"https:\/\/binaryelitepro.com\/#organization\",\"name\":\"binaryelitepro.com\",\"url\":\"https:\/\/binaryelitepro.com\/\",\"logo\":{\"@type\":\"ImageObject\",\"inLanguage\":\"pt-BR\",\"@id\":\"https:\/\/binaryelitepro.com\/#\/schema\/logo\/image\/\",\"url\":\"https:\/\/binaryelitepro.com\/wp-content\/uploads\/2023\/02\/logo-2.png\",\"contentUrl\":\"https:\/\/binaryelitepro.com\/wp-content\/uploads\/2023\/02\/logo-2.png\",\"width\":545,\"height\":444,\"caption\":\"binaryelitepro.com\"},\"image\":{\"@id\":\"https:\/\/binaryelitepro.com\/#\/schema\/logo\/image\/\"}}]}<\/script>\n<!-- \/ Yoast SEO Premium plugin. -->","yoast_head_json":{"title":"Ia Elite Deriv - binaryelitepro.com","robots":{"index":"index","follow":"follow","max-snippet":"max-snippet:-1","max-image-preview":"max-image-preview:large","max-video-preview":"max-video-preview:-1"},"canonical":"https:\/\/binaryelitepro.com\/index.php\/ia-elite-deriv\/","og_locale":"pt_BR","og_type":"article","og_title":"Ia Elite Deriv","og_description":"Seja bem vindo ao bot deriv vitalicio! \u00a0 Clique no bot\u00e3o abaixo para acessar Seu produto e siga os passos Passo 1:\u00a0 clique no bot\u00e3o em vermelho , entre no grupo do telegram e assista as aulas passo a passo para instala\u00e7\u00e3o e configura\u00e7\u00e3o do bot. Passo 2 : Envie seu E-mail da conta Deriv [&hellip;]","og_url":"https:\/\/binaryelitepro.com\/index.php\/ia-elite-deriv\/","og_site_name":"binaryelitepro.com","article_modified_time":"2026-02-10T00:06:40+00:00","og_image":[{"url":"https:\/\/binaryelitepro.com\/wp-content\/uploads\/2025\/06\/depo-7-1.png"}],"twitter_card":"summary_large_image","twitter_misc":{"Est. tempo de leitura":"1 minuto"},"schema":{"@context":"https:\/\/schema.org","@graph":[{"@type":"WebPage","@id":"https:\/\/binaryelitepro.com\/index.php\/ia-elite-deriv\/","url":"https:\/\/binaryelitepro.com\/index.php\/ia-elite-deriv\/","name":"Ia Elite Deriv - binaryelitepro.com","isPartOf":{"@id":"https:\/\/binaryelitepro.com\/#website"},"datePublished":"2025-06-19T13:17:23+00:00","dateModified":"2026-02-10T00:06:40+00:00","breadcrumb":{"@id":"https:\/\/binaryelitepro.com\/index.php\/ia-elite-deriv\/#breadcrumb"},"inLanguage":"pt-BR","potentialAction":[{"@type":"ReadAction","target":["https:\/\/binaryelitepro.com\/index.php\/ia-elite-deriv\/"]}]},{"@type":"BreadcrumbList","@id":"https:\/\/binaryelitepro.com\/index.php\/ia-elite-deriv\/#breadcrumb","itemListElement":[{"@type":"ListItem","position":1,"name":"In\u00edcio","item":"https:\/\/binaryelitepro.com\/"},{"@type":"ListItem","position":2,"name":"Ia Elite Deriv"}]},{"@type":"WebSite","@id":"https:\/\/binaryelitepro.com\/#website","url":"https:\/\/binaryelitepro.com\/","name":"binaryelitepro.com","description":"","publisher":{"@id":"https:\/\/binaryelitepro.com\/#organization"},"potentialAction":[{"@type":"SearchAction","target":{"@type":"EntryPoint","urlTemplate":"https:\/\/binaryelitepro.com\/?s={search_term_string}"},"query-input":"required name=search_term_string"}],"inLanguage":"pt-BR"},{"@type":"Organization","@id":"https:\/\/binaryelitepro.com\/#organization","name":"binaryelitepro.com","url":"https:\/\/binaryelitepro.com\/","logo":{"@type":"ImageObject","inLanguage":"pt-BR","@id":"https:\/\/binaryelitepro.com\/#\/schema\/logo\/image\/","url":"https:\/\/binaryelitepro.com\/wp-content\/uploads\/2023\/02\/logo-2.png","contentUrl":"https:\/\/binaryelitepro.com\/wp-content\/uploads\/2023\/02\/logo-2.png","width":545,"height":444,"caption":"binaryelitepro.com"},"image":{"@id":"https:\/\/binaryelitepro.com\/#\/schema\/logo\/image\/"}}]}},"_links":{"self":[{"href":"https:\/\/binaryelitepro.com\/index.php\/wp-json\/wp\/v2\/pages\/2152","targetHints":{"allow":["GET"]}}],"collection":[{"href":"https:\/\/binaryelitepro.com\/index.php\/wp-json\/wp\/v2\/pages"}],"about":[{"href":"https:\/\/binaryelitepro.com\/index.php\/wp-json\/wp\/v2\/types\/page"}],"author":[{"embeddable":true,"href":"https:\/\/binaryelitepro.com\/index.php\/wp-json\/wp\/v2\/users\/1"}],"replies":[{"embeddable":true,"href":"https:\/\/binaryelitepro.com\/index.php\/wp-json\/wp\/v2\/comments?post=2152"}],"version-history":[{"count":55,"href":"https:\/\/binaryelitepro.com\/index.php\/wp-json\/wp\/v2\/pages\/2152\/revisions"}],"predecessor-version":[{"id":2380,"href":"https:\/\/binaryelitepro.com\/index.php\/wp-json\/wp\/v2\/pages\/2152\/revisions\/2380"}],"wp:attachment":[{"href":"https:\/\/binaryelitepro.com\/index.php\/wp-json\/wp\/v2\/media?parent=2152"}],"curies":[{"name":"wp","href":"https:\/\/api.w.org\/{rel}","templated":true}]}}